{"id":489,"date":"2025-01-13T15:59:26","date_gmt":"2025-01-13T15:59:26","guid":{"rendered":"https:\/\/isteksys.com\/?page_id=489"},"modified":"2025-01-16T13:13:51","modified_gmt":"2025-01-16T13:13:51","slug":"details-techniques","status":"publish","type":"page","link":"https:\/\/isteksys.com\/fr\/details-techniques\/","title":{"rendered":"D\u00e9tails techniques"},"content":{"rendered":"<div data-elementor-type=\"wp-page\" data-elementor-id=\"489\" class=\"elementor elementor-489\">\n\t\t\t\t<div class=\"elementor-element elementor-element-ee369de e-flex e-con-boxed e-con e-parent\" data-id=\"ee369de\" data-element_type=\"container\">\n\t\t\t\t\t<div class=\"e-con-inner\">\n\t\t<div class=\"elementor-element elementor-element-9354b53 e-con-full e-flex e-con e-child\" data-id=\"9354b53\" data-element_type=\"container\">\n\t\t\t\t<div class=\"elementor-element elementor-element-57c18f0 content-align-cta-default elementor-widget elementor-widget-eael-cta-box\" data-id=\"57c18f0\" data-element_type=\"widget\" data-widget_type=\"eael-cta-box.default\">\n\t\t\t\t<div class=\"elementor-widget-container\">\n\t\t\t\t\t<div class=\"eael-call-to-action cta-basic bg-lite cta-preset-1\">\n        <h2 class=\"title\">Syst\u00e8me Coulissante slim<\/h2><a href=\"https:\/\/isteksys.com\/wp-content\/uploads\/2025\/01\/systeme-Coulissante-slim.pdf\" download=\"\" class=\"cta-button\">Download<\/a>\t<\/div>\n\t\t\t\t\t\t<\/div>\n\t\t\t\t<\/div>\n\t\t\t\t<\/div>\n\t\t<div class=\"elementor-element elementor-element-d0b3495 e-con-full e-flex e-con e-child\" data-id=\"d0b3495\" data-element_type=\"container\">\n\t\t\t\t<div class=\"elementor-element elementor-element-bc8603e content-align-cta-default elementor-widget elementor-widget-eael-cta-box\" data-id=\"bc8603e\" data-element_type=\"widget\" data-widget_type=\"eael-cta-box.default\">\n\t\t\t\t<div class=\"elementor-widget-container\">\n\t\t\t\t\t<div class=\"eael-call-to-action cta-basic bg-lite cta-preset-1\">\n        <h2 class=\"title\">Syste\u0300mes guillotine 8mm<\/h2><a href=\"https:\/\/isteksys.com\/wp-content\/uploads\/2025\/01\/Systemes-guillotine-8mm.pdf\" download=\"\" class=\"cta-button\">Download<\/a>\t<\/div>\n\t\t\t\t\t\t<\/div>\n\t\t\t\t<\/div>\n\t\t\t\t<\/div>\n\t\t<div class=\"elementor-element elementor-element-46fb6a0 e-con-full e-flex e-con e-child\" data-id=\"46fb6a0\" data-element_type=\"container\">\n\t\t\t\t<div class=\"elementor-element elementor-element-e9e6c2d content-align-cta-default elementor-widget elementor-widget-eael-cta-box\" data-id=\"e9e6c2d\" data-element_type=\"widget\" data-widget_type=\"eael-cta-box.default\">\n\t\t\t\t<div class=\"elementor-widget-container\">\n\t\t\t\t\t<div class=\"eael-call-to-action cta-basic bg-lite cta-preset-1\">\n        <h2 class=\"title\">syst\u00e8me Coulissante slim 2<\/h2><a href=\"https:\/\/isteksys.com\/wp-content\/uploads\/2025\/01\/systeme-Coulissante-slim-2-.pdf\" download=\"\" class=\"cta-button\">Download<\/a>\t<\/div>\n\t\t\t\t\t\t<\/div>\n\t\t\t\t<\/div>\n\t\t\t\t<\/div>\n\t\t<div class=\"elementor-element elementor-element-dcbaf49 e-con-full e-flex e-con e-child\" data-id=\"dcbaf49\" data-element_type=\"container\">\n\t\t\t\t<div class=\"elementor-element elementor-element-1a3aebe content-align-cta-default elementor-widget elementor-widget-eael-cta-box\" data-id=\"1a3aebe\" data-element_type=\"widget\" data-widget_type=\"eael-cta-box.default\">\n\t\t\t\t<div class=\"elementor-widget-container\">\n\t\t\t\t\t<div class=\"eael-call-to-action cta-basic bg-lite cta-preset-1\">\n        <h2 class=\"title\">Systeme accordeon 8 mm<\/h2><a href=\"https:\/\/isteksys.com\/wp-content\/uploads\/2025\/01\/systeme-accordeon-8-mm-Copier.pdf\" download=\"\" class=\"cta-button\">Download<\/a>\t<\/div>\n\t\t\t\t\t\t<\/div>\n\t\t\t\t<\/div>\n\t\t\t\t<\/div>\n\t\t\t\t\t<\/div>\n\t\t\t\t<\/div>\n\t\t<div class=\"elementor-element elementor-element-977bdb9 e-flex e-con-boxed e-con e-parent\" data-id=\"977bdb9\" data-element_type=\"container\">\n\t\t\t\t\t<div class=\"e-con-inner\">\n\t\t<div class=\"elementor-element elementor-element-847dbd5 e-con-full e-flex e-con e-child\" data-id=\"847dbd5\" data-element_type=\"container\">\n\t\t\t\t<div class=\"elementor-element elementor-element-af77583 content-align-cta-default elementor-widget elementor-widget-eael-cta-box\" data-id=\"af77583\" data-element_type=\"widget\" data-widget_type=\"eael-cta-box.default\">\n\t\t\t\t<div class=\"elementor-widget-container\">\n\t\t\t\t\t<div class=\"eael-call-to-action cta-basic bg-lite cta-preset-1\">\n        <h2 class=\"title\">systeme accordeon 10 mm<\/h2><a href=\"https:\/\/isteksys.com\/wp-content\/uploads\/2025\/01\/systeme-accordeon-10-mm.pdf\" download=\"\" class=\"cta-button\">Download<\/a>\t<\/div>\n\t\t\t\t\t\t<\/div>\n\t\t\t\t<\/div>\n\t\t\t\t<\/div>\n\t\t<div class=\"elementor-element elementor-element-6994dbc e-con-full e-flex e-con e-child\" data-id=\"6994dbc\" data-element_type=\"container\">\n\t\t\t\t<div class=\"elementor-element elementor-element-c8db91a content-align-cta-default elementor-widget elementor-widget-eael-cta-box\" data-id=\"c8db91a\" data-element_type=\"widget\" data-widget_type=\"eael-cta-box.default\">\n\t\t\t\t<div class=\"elementor-widget-container\">\n\t\t\t\t\t<div class=\"eael-call-to-action cta-basic bg-lite cta-preset-1\">\n        <h2 class=\"title\">Syst\u00e8me pergola bioclimatique<\/h2><a href=\"https:\/\/isteksys.com\/wp-content\/uploads\/2025\/01\/SySteme-pergola-bioclimatique.pdf\" download=\"\" class=\"cta-button\">Download <\/a>\t<\/div>\n\t\t\t\t\t\t<\/div>\n\t\t\t\t<\/div>\n\t\t\t\t<\/div>\n\t\t<div class=\"elementor-element elementor-element-37fbab2 e-con-full e-flex e-con e-child\" data-id=\"37fbab2\" data-element_type=\"container\">\n\t\t\t\t<div class=\"elementor-element elementor-element-8b71bce content-align-cta-default elementor-widget elementor-widget-eael-cta-box\" data-id=\"8b71bce\" data-element_type=\"widget\" data-widget_type=\"eael-cta-box.default\">\n\t\t\t\t<div class=\"elementor-widget-container\">\n\t\t\t\t\t<div class=\"eael-call-to-action cta-basic bg-lite cta-preset-1\">\n        <h2 class=\"title\">systeme Profils fixation<\/h2><a href=\"https:\/\/isteksys.com\/wp-content\/uploads\/2025\/01\/systeme-PROFILS-FIXATION.pdf\" download=\"\" class=\"cta-button\">Download<\/a>\t<\/div>\n\t\t\t\t\t\t<\/div>\n\t\t\t\t<\/div>\n\t\t\t\t<\/div>\n\t\t<div class=\"elementor-element elementor-element-f24cde9 e-con-full e-flex e-con e-child\" data-id=\"f24cde9\" data-element_type=\"container\">\n\t\t\t\t<div class=\"elementor-element elementor-element-8621662 content-align-cta-default elementor-widget elementor-widget-eael-cta-box\" data-id=\"8621662\" data-element_type=\"widget\" data-widget_type=\"eael-cta-box.default\">\n\t\t\t\t<div class=\"elementor-widget-container\">\n\t\t\t\t\t<div class=\"eael-call-to-action cta-basic bg-lite cta-preset-1\">\n        <h2 class=\"title\">Syst\u00e8me  Moustiquaire<\/h2><a href=\"https:\/\/isteksys.com\/wp-content\/uploads\/2025\/01\/MOUsTiQUAiRE.pdf\" download=\"\" class=\"cta-button\">Download<\/a>\t<\/div>\n\t\t\t\t\t\t<\/div>\n\t\t\t\t<\/div>\n\t\t\t\t<\/div>\n\t\t\t\t\t<\/div>\n\t\t\t\t<\/div>\n\t\t<div class=\"elementor-element elementor-element-420131a e-flex e-con-boxed e-con e-parent\" data-id=\"420131a\" data-element_type=\"container\">\n\t\t\t\t\t<div class=\"e-con-inner\">\n\t\t<div class=\"elementor-element elementor-element-f09dec7 e-con-full e-flex e-con e-child\" data-id=\"f09dec7\" data-element_type=\"container\">\n\t\t\t\t<div class=\"elementor-element elementor-element-ef57c23 content-align-cta-default elementor-widget elementor-widget-eael-cta-box\" data-id=\"ef57c23\" data-element_type=\"widget\" data-widget_type=\"eael-cta-box.default\">\n\t\t\t\t<div class=\"elementor-widget-container\">\n\t\t\t\t\t<div class=\"eael-call-to-action cta-basic bg-lite cta-preset-1\">\n        <h2 class=\"title\">systeme gullotine netuable double vitrage<\/h2><a href=\"https:\/\/isteksys.com\/wp-content\/uploads\/2025\/01\/systeme-gullotine-netuable-double-vitrage.pdf\" download=\"\" class=\"cta-button\">Download<\/a>\t<\/div>\n\t\t\t\t\t\t<\/div>\n\t\t\t\t<\/div>\n\t\t\t\t<\/div>\n\t\t<div class=\"elementor-element elementor-element-16054b9 e-con-full e-flex e-con e-child\" data-id=\"16054b9\" data-element_type=\"container\">\n\t\t\t\t<div class=\"elementor-element elementor-element-c0c9e3b content-align-cta-default elementor-widget elementor-widget-eael-cta-box\" data-id=\"c0c9e3b\" data-element_type=\"widget\" data-widget_type=\"eael-cta-box.default\">\n\t\t\t\t<div class=\"elementor-widget-container\">\n\t\t\t\t\t<div class=\"eael-call-to-action cta-basic bg-lite cta-preset-1\">\n        <h2 class=\"title\">Syst\u00e8me Coulissant double vitrage<\/h2><a href=\"https:\/\/isteksys.com\/wp-content\/uploads\/2025\/01\/SySteme-CouliSSant-double-vitrage.pdf\" download=\"\" class=\"cta-button\">Download <\/a>\t<\/div>\n\t\t\t\t\t\t<\/div>\n\t\t\t\t<\/div>\n\t\t\t\t<\/div>\n\t\t<div class=\"elementor-element elementor-element-33d5f65 e-con-full e-flex e-con e-child\" data-id=\"33d5f65\" data-element_type=\"container\">\n\t\t\t\t<div class=\"elementor-element elementor-element-5b048a4 content-align-cta-default elementor-widget elementor-widget-eael-cta-box\" data-id=\"5b048a4\" data-element_type=\"widget\" data-widget_type=\"eael-cta-box.default\">\n\t\t\t\t<div class=\"elementor-widget-container\">\n\t\t\t\t\t<div class=\"eael-call-to-action cta-basic bg-lite cta-preset-1\">\n        <h2 class=\"title\">Pergola r\u00e9tractable<\/h2><a href=\"https:\/\/isteksys.com\/wp-content\/uploads\/2025\/01\/Pergola-retractable.pdf\" download=\"\" class=\"cta-button\">Download <\/a>\t<\/div>\n\t\t\t\t\t\t<\/div>\n\t\t\t\t<\/div>\n\t\t\t\t<\/div>\n\t\t<div class=\"elementor-element elementor-element-dd7811d e-con-full e-flex e-con e-child\" data-id=\"dd7811d\" data-element_type=\"container\">\n\t\t\t\t<\/div>\n\t\t\t\t\t<\/div>\n\t\t\t\t<\/div>\n\t\t\t\t<\/div>","protected":false},"excerpt":{"rendered":"<p>Syst\u00e8me Coulissante slim Download Syste\u0300mes guillotine 8mm Download syst\u00e8me Coulissante slim 2 Download Systeme accordeon 8 mm Download systeme accordeon 10 mm Download Syst\u00e8me pergola bioclimatique Download systeme Profils fixation Download Syst\u00e8me Moustiquaire Download systeme gullotine netuable double vitrage Download Syst\u00e8me Coulissant double vitrage Download Pergola r\u00e9tractable Download<\/p>","protected":false},"author":1,"featured_media":0,"parent":0,"menu_order":0,"comment_status":"closed","ping_status":"closed","template":"","meta":{"_eb_attr":"","footnotes":""},"class_list":["post-489","page","type-page","status-publish","hentry"],"rttpg_featured_image_url":null,"rttpg_author":{"display_name":"admin","author_link":"https:\/\/isteksys.com\/fr\/author\/admin\/"},"rttpg_comment":0,"rttpg_category":null,"rttpg_excerpt":"Syst\u00e8me Coulissante slim Download Syste\u0300mes guillotine 8mm Download syst\u00e8me Coulissante slim 2 Download Systeme accordeon 8 mm Download systeme accordeon 10 mm Download Syst\u00e8me pergola bioclimatique Download systeme Profils fixation Download Syst\u00e8me Moustiquaire Download systeme gullotine netuable double vitrage Download Syst\u00e8me Coulissant double vitrage Download Pergola r\u00e9tractable Download","_links":{"self":[{"href":"https:\/\/isteksys.com\/fr\/wp-json\/wp\/v2\/pages\/489","targetHints":{"allow":["GET"]}}],"collection":[{"href":"https:\/\/isteksys.com\/fr\/wp-json\/wp\/v2\/pages"}],"about":[{"href":"https:\/\/isteksys.com\/fr\/wp-json\/wp\/v2\/types\/page"}],"author":[{"embeddable":true,"href":"https:\/\/isteksys.com\/fr\/wp-json\/wp\/v2\/users\/1"}],"replies":[{"embeddable":true,"href":"https:\/\/isteksys.com\/fr\/wp-json\/wp\/v2\/comments?post=489"}],"version-history":[{"count":43,"href":"https:\/\/isteksys.com\/fr\/wp-json\/wp\/v2\/pages\/489\/revisions"}],"predecessor-version":[{"id":593,"href":"https:\/\/isteksys.com\/fr\/wp-json\/wp\/v2\/pages\/489\/revisions\/593"}],"wp:attachment":[{"href":"https:\/\/isteksys.com\/fr\/wp-json\/wp\/v2\/media?parent=489"}],"curies":[{"name":"wp","href":"https:\/\/api.w.org\/{rel}","templated":true}]}}