{"id":133,"date":"2024-04-24T11:39:49","date_gmt":"2024-04-24T11:39:49","guid":{"rendered":"https:\/\/isteksys.com\/?page_id=133"},"modified":"2025-01-16T13:09:47","modified_gmt":"2025-01-16T13:09:47","slug":"guillotine-glass-systems","status":"publish","type":"page","link":"https:\/\/isteksys.com\/fr\/guillotine-glass-systems\/","title":{"rendered":"Syst\u00e8mes de Verre \u00e0 Guillotine"},"content":{"rendered":"<div data-elementor-type=\"wp-page\" data-elementor-id=\"133\" class=\"elementor elementor-133\">\n\t\t\t\t<div class=\"elementor-element elementor-element-e6c1462 e-con-full e-flex e-con e-parent\" data-id=\"e6c1462\" data-element_type=\"container\" data-settings=\"{&quot;background_background&quot;:&quot;classic&quot;}\">\n\t\t\t\t<div class=\"elementor-element elementor-element-711da47c elementor-widget elementor-widget-heading\" data-id=\"711da47c\" data-element_type=\"widget\" data-widget_type=\"heading.default\">\n\t\t\t\t<div class=\"elementor-widget-container\">\n\t\t\t<h2 class=\"elementor-heading-title elementor-size-default\">Syst\u00e8mes de Verre \u00e0 Guillotine<\/h2>\t\t<\/div>\n\t\t\t\t<\/div>\n\t\t\t\t<div class=\"elementor-element elementor-element-ebcfe45 elementor-widget__width-initial elementor-widget-mobile__width-inherit elementor-widget elementor-widget-text-editor\" data-id=\"ebcfe45\" data-element_type=\"widget\" data-widget_type=\"text-editor.default\">\n\t\t\t\t<div class=\"elementor-widget-container\">\n\t\t\t\t\t\t\t<p><em><strong>Les syst\u00e8mes de fen\u00eatres \u00e0 guillotine d'Istek Aluminum sont tr\u00e8s appr\u00e9ci\u00e9s pour leurs solutions contemporaines et fonctionnelles dans divers environnements commerciaux, tels que les caf\u00e9s, les restaurants et les bureaux.<\/strong><\/em><\/p>\t\t\t\t\t\t<\/div>\n\t\t\t\t<\/div>\n\t\t\t\t<\/div>\n\t\t<div class=\"elementor-element elementor-element-40636d08 e-flex e-con-boxed e-con e-parent\" data-id=\"40636d08\" data-element_type=\"container\">\n\t\t\t\t\t<div class=\"e-con-inner\">\n\t\t<div class=\"elementor-element elementor-element-605056bf e-con-full e-flex e-con e-child\" data-id=\"605056bf\" data-element_type=\"container\">\n\t\t\t\t<div class=\"elementor-element elementor-element-2fe654ab elementor-invisible elementor-widget elementor-widget-heading\" data-id=\"2fe654ab\" data-element_type=\"widget\" data-settings=\"{&quot;_animation&quot;:&quot;fadeInLeft&quot;}\" data-widget_type=\"heading.default\">\n\t\t\t\t<div class=\"elementor-widget-container\">\n\t\t\t<h2 class=\"elementor-heading-title elementor-size-default\">Nos Services<\/h2>\t\t<\/div>\n\t\t\t\t<\/div>\n\t\t\t\t<div class=\"elementor-element elementor-element-2450dedd elementor-invisible elementor-widget elementor-widget-heading\" data-id=\"2450dedd\" data-element_type=\"widget\" data-settings=\"{&quot;_animation&quot;:&quot;fadeInLeft&quot;}\" data-widget_type=\"heading.default\">\n\t\t\t\t<div class=\"elementor-widget-container\">\n\t\t\t<h2 class=\"elementor-heading-title elementor-size-default\">Syst\u00e8mes de Verre \u00e0 Guillotine<\/h2>\t\t<\/div>\n\t\t\t\t<\/div>\n\t\t\t\t<div class=\"elementor-element elementor-element-391f4136 elementor-invisible elementor-widget elementor-widget-text-editor\" data-id=\"391f4136\" data-element_type=\"widget\" data-settings=\"{&quot;_animation&quot;:&quot;fadeInUp&quot;}\" data-widget_type=\"text-editor.default\">\n\t\t\t\t<div class=\"elementor-widget-container\">\n\t\t\t\t\t\t\t<p><em><strong>Ces syst\u00e8mes cr\u00e9ent un environnement calme et serein gr\u00e2ce \u00e0 l'utilisation de mat\u00e9riaux de premi\u00e8re qualit\u00e9 et \u00e0 un savoir-faire exceptionnel, garantissant une isolation acoustique efficace.<\/strong><\/em><\/p><p>Lorsqu'ils sont utilis\u00e9s sur les balcons, les terrasses et autres espaces ext\u00e9rieurs similaires, ils permettent non seulement d'\u00e9tendre la surface utilisable, mais aussi d'am\u00e9liorer l'esth\u00e9tique g\u00e9n\u00e9rale. Particuli\u00e8rement appr\u00e9ci\u00e9s dans les environnements commerciaux tels que les caf\u00e9s, les restaurants et les bureaux, les syst\u00e8mes de fen\u00eatres \u00e0 guillotine d'Istek Aluminum se distinguent par leur approche moderne et pratique.<\/p><p>Con\u00e7us pour optimiser l'efficacit\u00e9 de l'espace, ils offrent \u00e0 la fois un attrait visuel et un fonctionnement convivial, en particulier dans les espaces restreints tels que les cuisines \u00e9troites et les greniers. Des solutions sur mesure pour les villas et les maisons individuelles augmentent encore la valeur de ces espaces et am\u00e9liorent la qualit\u00e9 de vie des occupants.<\/p>\t\t\t\t\t\t<\/div>\n\t\t\t\t<\/div>\n\t\t\t\t<\/div>\n\t\t<div class=\"elementor-element elementor-element-1c8f181d e-con-full e-flex elementor-invisible e-con e-child\" data-id=\"1c8f181d\" data-element_type=\"container\" data-settings=\"{&quot;animation&quot;:&quot;fadeInRight&quot;}\">\n\t\t\t\t<div class=\"elementor-element elementor-element-79c4dd2f elementor-arrows-position-inside elementor-pagination-position-outside elementor-widget elementor-widget-image-carousel\" data-id=\"79c4dd2f\" data-element_type=\"widget\" data-settings=\"{&quot;slides_to_show&quot;:&quot;1&quot;,&quot;navigation&quot;:&quot;both&quot;,&quot;autoplay&quot;:&quot;yes&quot;,&quot;pause_on_hover&quot;:&quot;yes&quot;,&quot;pause_on_interaction&quot;:&quot;yes&quot;,&quot;autoplay_speed&quot;:5000,&quot;infinite&quot;:&quot;yes&quot;,&quot;effect&quot;:&quot;slide&quot;,&quot;speed&quot;:500}\" data-widget_type=\"image-carousel.default\">\n\t\t\t\t<div class=\"elementor-widget-container\">\n\t\t\t\t\t<div class=\"elementor-image-carousel-wrapper swiper\" dir=\"ltr\">\n\t\t\t<div class=\"elementor-image-carousel swiper-wrapper\" aria-live=\"off\">\n\t\t\t\t\t\t\t\t<div class=\"swiper-slide\" role=\"group\" aria-roledescription=\"slide\" aria-label=\"1 sur 4\"><figure class=\"swiper-slide-inner\"><img decoding=\"async\" class=\"swiper-slide-image\" src=\"https:\/\/isteksys.com\/wp-content\/uploads\/2024\/04\/giyotin-1.jpg\" alt=\"giyotin-1.jpg\" \/><\/figure><\/div><div class=\"swiper-slide\" role=\"group\" aria-roledescription=\"slide\" aria-label=\"2 sur 4\"><figure class=\"swiper-slide-inner\"><img decoding=\"async\" class=\"swiper-slide-image\" src=\"https:\/\/isteksys.com\/wp-content\/uploads\/2024\/04\/giyotin-2.jpg\" alt=\"giyotin-2.jpg\" \/><\/figure><\/div><div class=\"swiper-slide\" role=\"group\" aria-roledescription=\"slide\" aria-label=\"3 sur 4\"><figure class=\"swiper-slide-inner\"><img decoding=\"async\" class=\"swiper-slide-image\" src=\"https:\/\/isteksys.com\/wp-content\/uploads\/2024\/04\/giyotin-3.jpg\" alt=\"giyotin-3.jpg\" \/><\/figure><\/div><div class=\"swiper-slide\" role=\"group\" aria-roledescription=\"slide\" aria-label=\"4 sur 4\"><figure class=\"swiper-slide-inner\"><img decoding=\"async\" class=\"swiper-slide-image\" src=\"https:\/\/isteksys.com\/wp-content\/uploads\/2024\/04\/giyotin-4.jpg\" alt=\"giyotin-4.jpg\" \/><\/figure><\/div>\t\t\t<\/div>\n\t\t\t\t\t\t\t\t\t\t\t\t<div class=\"elementor-swiper-button elementor-swiper-button-prev\" role=\"button\" tabindex=\"0\">\n\t\t\t\t\t\t<svg aria-hidden=\"true\" class=\"e-font-icon-svg e-eicon-chevron-left\" viewbox=\"0 0 1000 1000\" xmlns=\"http:\/\/www.w3.org\/2000\/svg\"><path d=\"M646 125C629 125 613 133 604 142L308 442C296 454 292 471 292 487 292 504 296 521 308 533L604 854C617 867 629 875 646 875 663 875 679 871 692 858 704 846 713 829 713 812 713 796 708 779 692 767L438 487 692 225C700 217 708 204 708 187 708 171 704 154 692 142 675 129 663 125 646 125Z\"><\/path><\/svg>\t\t\t\t\t<\/div>\n\t\t\t\t\t<div class=\"elementor-swiper-button elementor-swiper-button-next\" role=\"button\" tabindex=\"0\">\n\t\t\t\t\t\t<svg aria-hidden=\"true\" class=\"e-font-icon-svg e-eicon-chevron-right\" viewbox=\"0 0 1000 1000\" xmlns=\"http:\/\/www.w3.org\/2000\/svg\"><path d=\"M696 533C708 521 713 504 713 487 713 471 708 454 696 446L400 146C388 133 375 125 354 125 338 125 325 129 313 142 300 154 292 171 292 187 292 204 296 221 308 233L563 492 304 771C292 783 288 800 288 817 288 833 296 850 308 863 321 871 338 875 354 875 371 875 388 867 400 854L696 533Z\"><\/path><\/svg>\t\t\t\t\t<\/div>\n\t\t\t\t\n\t\t\t\t\t\t\t\t\t<div class=\"swiper-pagination\"><\/div>\n\t\t\t\t\t\t\t\t\t<\/div>\n\t\t\t\t<\/div>\n\t\t\t\t<\/div>\n\t\t\t\t<\/div>\n\t\t\t\t\t<\/div>\n\t\t\t\t<\/div>\n\t\t<div class=\"elementor-element elementor-element-25cb79e e-flex e-con-boxed e-con e-parent\" data-id=\"25cb79e\" data-element_type=\"container\">\n\t\t\t\t\t<div class=\"e-con-inner\">\n\t\t<div class=\"elementor-element elementor-element-1a93ec5b e-con-full e-flex e-con e-child\" data-id=\"1a93ec5b\" data-element_type=\"container\">\n\t\t<div class=\"elementor-element elementor-element-390c3b9d e-grid e-con-boxed e-con e-child\" data-id=\"390c3b9d\" data-element_type=\"container\">\n\t\t\t\t\t<div class=\"e-con-inner\">\n\t\t\t\t<div class=\"elementor-element elementor-element-45c2111e elementor-invisible elementor-widget elementor-widget-image\" data-id=\"45c2111e\" data-element_type=\"widget\" data-settings=\"{&quot;_animation&quot;:&quot;fadeInDown&quot;}\" data-widget_type=\"image.default\">\n\t\t\t\t<div class=\"elementor-widget-container\">\n\t\t\t\t\t\t\t\t\t\t\t\t\t<img fetchpriority=\"high\" decoding=\"async\" width=\"600\" height=\"800\" src=\"https:\/\/isteksys.com\/wp-content\/uploads\/2024\/04\/giyotin-dikey-1-1.jpg\" class=\"attachment-large size-large wp-image-140\" alt=\"\" \/>\t\t\t\t\t\t\t\t\t\t\t\t\t<\/div>\n\t\t\t\t<\/div>\n\t\t\t\t<div class=\"elementor-element elementor-element-20a1406d elementor-invisible elementor-widget elementor-widget-image\" data-id=\"20a1406d\" data-element_type=\"widget\" data-settings=\"{&quot;_animation&quot;:&quot;fadeInDown&quot;}\" data-widget_type=\"image.default\">\n\t\t\t\t<div class=\"elementor-widget-container\">\n\t\t\t\t\t\t\t\t\t\t\t\t\t<img decoding=\"async\" width=\"600\" height=\"800\" src=\"https:\/\/isteksys.com\/wp-content\/uploads\/2024\/04\/giyotin-dikey-2-1.jpg\" class=\"attachment-large size-large wp-image-141\" alt=\"\" \/>\t\t\t\t\t\t\t\t\t\t\t\t\t<\/div>\n\t\t\t\t<\/div>\n\t\t\t\t\t<\/div>\n\t\t\t\t<\/div>\n\t\t\t\t<\/div>\n\t\t<div class=\"elementor-element elementor-element-44e05423 e-con-full e-flex e-con e-child\" data-id=\"44e05423\" data-element_type=\"container\">\n\t\t\t\t<div class=\"elementor-element elementor-element-4f4fde45 elementor-widget__width-initial elementor-widget-mobile__width-inherit elementor-invisible elementor-widget elementor-widget-heading\" data-id=\"4f4fde45\" data-element_type=\"widget\" data-settings=\"{&quot;_animation&quot;:&quot;fadeInRight&quot;}\" data-widget_type=\"heading.default\">\n\t\t\t\t<div class=\"elementor-widget-container\">\n\t\t\t<h2 class=\"elementor-heading-title elementor-size-default\">Options De Conception Et De Mise En \u0152uvre Personnalis\u00e9es Pour Chaque Projet<\/h2>\t\t<\/div>\n\t\t\t\t<\/div>\n\t\t\t\t<div class=\"elementor-element elementor-element-30dfd5a2 elementor-invisible elementor-widget elementor-widget-text-editor\" data-id=\"30dfd5a2\" data-element_type=\"widget\" data-settings=\"{&quot;_animation&quot;:&quot;fadeInRight&quot;}\" data-widget_type=\"text-editor.default\">\n\t\t\t\t<div class=\"elementor-widget-container\">\n\t\t\t\t\t\t\t<p>\u0130stek Al\u00fcminyum donne la priorit\u00e9 \u00e0 la satisfaction du client et \u00e0 la qualit\u00e9 dans son approche des syst\u00e8mes de fen\u00eatres \u00e0 guillotine, en proposant des solutions personnalis\u00e9es adapt\u00e9es aux besoins des utilisateurs.<\/p><p>Avec des options de conception et de mise en \u0153uvre personnalis\u00e9es pour chaque projet, les syst\u00e8mes de fen\u00eatres \u00e0 guillotine \u0130stek Al\u00fcminyum sont devenus un \u00e9l\u00e9ment indispensable des espaces de vie modernes.<\/p>\t\t\t\t\t\t<\/div>\n\t\t\t\t<\/div>\n\t\t\t\t<\/div>\n\t\t\t\t\t<\/div>\n\t\t\t\t<\/div>\n\t\t<div class=\"elementor-element elementor-element-1c9672f e-flex e-con-boxed e-con e-parent\" data-id=\"1c9672f\" data-element_type=\"container\">\n\t\t\t\t\t<div class=\"e-con-inner\">\n\t\t\t\t<div class=\"elementor-element elementor-element-03357f5 elementor-align-center elementor-widget elementor-widget-button\" data-id=\"03357f5\" data-element_type=\"widget\" data-widget_type=\"button.default\">\n\t\t\t\t<div class=\"elementor-widget-container\">\n\t\t\t\t\t\t\t<div class=\"elementor-button-wrapper\">\n\t\t\t\t\t<a class=\"elementor-button elementor-button-link elementor-size-sm\" href=\"https:\/\/isteksys.com\/fr\/details-techniques\/\">\n\t\t\t\t\t\t<span class=\"elementor-button-content-wrapper\">\n\t\t\t\t\t\t\t\t\t<span class=\"elementor-button-text\">Sp\u00e9c\u00e9fication techniques<\/span>\n\t\t\t\t\t<\/span>\n\t\t\t\t\t<\/a>\n\t\t\t\t<\/div>\n\t\t\t\t\t\t<\/div>\n\t\t\t\t<\/div>\n\t\t\t\t\t<\/div>\n\t\t\t\t<\/div>\n\t\t<div class=\"elementor-element elementor-element-21998ca3 e-flex e-con-boxed elementor-invisible e-con e-parent\" data-id=\"21998ca3\" data-element_type=\"container\" data-settings=\"{&quot;animation&quot;:&quot;fadeInUp&quot;}\">\n\t\t\t\t\t<div class=\"e-con-inner\">\n\t\t<div class=\"elementor-element elementor-element-3604f6d5 e-con-full e-flex e-con e-child\" data-id=\"3604f6d5\" data-element_type=\"container\" data-settings=\"{&quot;background_background&quot;:&quot;classic&quot;}\">\n\t\t\t\t<div class=\"elementor-element elementor-element-22762af1 elementor-view-default elementor-widget elementor-widget-icon\" data-id=\"22762af1\" data-element_type=\"widget\" data-widget_type=\"icon.default\">\n\t\t\t\t<div class=\"elementor-widget-container\">\n\t\t\t\t\t<div class=\"elementor-icon-wrapper\">\n\t\t\t<div class=\"elementor-icon\">\n\t\t\t<svg xmlns=\"http:\/\/www.w3.org\/2000\/svg\" viewbox=\"0 0 492.87 495.36\"><g id=\"katman_2\" data-name=\"katman 2\"><g id=\"katman_1-2\" data-name=\"katman 1\"><g id=\"_6ImxVj.tif\" data-name=\"6ImxVj.tif\"><path d=\"M492.87,95.06v77.86c-3.66,10.51-11.29,13.83-22,13.6-22.1-.46-44.22-.14-66.33-.14h-5.78v18.86c4.35.92,8.37,1.29,12,2.62q24.32,8.79,48.44,18.07c13.65,5.25,18.37,19.35,10.72,31.81-5.39,8.77-10.83,17.53-16.67,26-9.58,13.91-22.78,20.43-39.81,17.95-4.86-.7-9.63-2-15.14-3.17v6.24q0,60.62,0,121.22c0,14.13.25,28.27-.22,42.39-.39,11.94-7,20.06-17.69,25-1.44.65-2.86,1.35-4.29,2H142.56c-.18-.26-.3-.66-.53-.76-16.06-6.26-21.69-14.45-21.7-31.7q0-34.44,0-68.86v-5.65H20.86C6.44,388.39,0,381.88,0,367.3V216.61c0-15,6.19-21.2,21.17-21.21q46.4,0,92.79,0h6.37v-6.52c0-52.56.27-105.12-.14-157.68C120,11,136.13-.1,151.41,0q107.75.74,215.5,0c16-.12,32.19,11.37,31.5,31.39-.51,14.78-.11,29.6-.09,44.4,0,1.75.16,3.49.26,5.57h6c22.12,0,44.24.29,66.35-.13C481.71,81,489.28,84.55,492.87,95.06ZM382.14,81.36c0-17.58,0-34.51,0-51.44,0-8.21-5-13.48-13.24-13.67-8.81-.21-17.63,0-26.44-.11-2.6,0-3.77.8-4.52,3.37-2,6.67-4.26,13.25-6.47,19.85-2.13,6.37-3.95,7.74-10.4,7.74-41.24,0-82.49,0-123.73.06-5.24,0-8.41-2-9.95-7.1-2.06-6.81-4.58-13.5-6.56-20.33-.8-2.77-2.06-3.66-4.87-3.6-8,.17-16,0-23.94.07-10.76,0-15.49,4.75-15.49,15.48V195.4h6.25c31.26,0,62.53.22,93.79-.11,12.78-.13,20.15,8.06,20.06,19.89q-.56,76.59,0,153.2c.11,14.08-9.77,20.28-20.4,20.15-31.26-.39-62.53-.14-93.8-.14h-5.91c0,25.62,0,50.39,0,75.17,0,11.13,4.62,15.82,15.65,15.82q107.26,0,214.54,0c10.71,0,15.44-4.79,15.44-15.53,0-55.23-.05-110.45.11-165.68,0-4.16-1.33-5.88-5.11-7.5-75.46-32.35-124.71-87.78-146.27-167.28-5-18.5,1.81-35.27,17.93-45.75q12.12-7.87,24.35-15.56C286.29,53.87,300.44,58.54,306,73c6.11,15.95,12.3,31.88,17.82,48a26.34,26.34,0,0,1,.59,14.06c-1.09,4.48-4.28,8.53-6.85,12.57-8.34,13.13-8.38,13.08.88,25.58a188.22,188.22,0,0,0,48.7,46c4.36,2.85,14.7-.82,14.9-5.62.38-8.91.11-17.84.11-27.23-6.71,0-12.83.07-19,0-11.9-.15-18.21-6.37-18.25-18.17q-.12-34.42,0-68.86c.05-11.34,6.68-17.84,18-18C369.1,81.3,375.25,81.36,382.14,81.36ZM240.23,212.05H16.91V371.52H240.23Zm179,75.16c.13-.42.27-.84.4-1.26,8.51.08,15.09-3.69,19.74-10.59,5.66-8.39,11.05-17,16.42-25.57,2.69-4.31,1.75-7.15-3-8.95-15.64-6-31.28-11.94-47.05-17.53-2.23-.78-5.59-.08-7.79,1.1-5.25,2.82-10.07,6.43-15.16,9.55-7.67,4.71-15.48,4.63-23-.17a200,200,0,0,1-61.92-61.87c-4.94-7.75-4.93-15.65-.07-23.46,3.15-5.07,6.71-9.92,9.56-15.16,1.11-2,1.68-5.17.94-7.26C302.73,110.27,296.8,94.61,290.87,79c-2-5.25-4.39-6-9.14-3-7.89,4.92-15.72,9.94-23.54,15-10.93,7-14.93,16.61-11.51,29.06,20.56,74.86,67.24,126.76,138.6,156.53C396.2,281,407.9,283.68,419.24,287.21ZM196.81,16.33c1.42,4.54,2.46,8.56,4,12.36a4.78,4.78,0,0,0,3.65,2.25q54.86.18,109.7,0c1.19,0,3.07-.88,3.44-1.82,1.61-4.06,2.78-8.3,4.21-12.81Zm178,81.72,43.89,38.67,43.86-38.67ZM432,146.86C419.63,157,419.63,157,405.23,147c-9.2,7.33-18.45,14.7-28.38,22.63h83.74Zm-70.51-38.94v53.19c10.89-8.67,21.19-16.89,31.7-25.27Zm114.6-.09L444.2,135.9l31.87,25.22Z\"><\/path><path d=\"M259.32,461.34c-5.82,0-11.64.05-17.46,0-12.57-.13-22.25-9.36-22.42-21.29a21.65,21.65,0,0,1,21.43-22.25q18.45-.5,36.91,0a21.66,21.66,0,0,1,21.43,22.26c-.18,12-9.84,21.15-22.44,21.28C271,461.39,265.13,461.34,259.32,461.34Zm.15-27.14c-5.81,0-11.61.06-17.42,0-3.76-.06-6.29,1.61-6.37,5.36-.07,3.5,2.39,5.45,5.83,5.48q17.91.14,35.82,0c3.46,0,5.79-2.15,5.62-5.65s-2.48-5.19-6.07-5.15C271.08,434.24,265.27,434.2,259.47,434.2Z\"><\/path><path d=\"M109.16,291.15c7.07,6.23,14.55,11.8,20.76,18.54,7.44,8.08,11.37,18.21,12.72,29.21.94,7.59-1.83,11-9.5,11-15.46.11-30.92,0-46.38,0q-26.19,0-52.38,0c-10.3,0-13.38-3.85-11.19-14q6.06-28.18,31.34-42.13l2.62-1.42c-12.58-19.68-11.51-37.75,2.9-50.14a34.72,34.72,0,0,1,45.24-.13C119.8,254.63,121,272.31,109.16,291.15ZM41,333.4H124.4c-4.25-17.06-22.14-30.06-41.38-30.31C64,302.84,46.05,315.69,41,333.4Zm23.49-64.79a18.06,18.06,0,0,0,18.36,18.17,18.33,18.33,0,0,0,18.3-18.36,18.59,18.59,0,0,0-18.73-18.56A18.34,18.34,0,0,0,64.48,268.61Z\"><\/path><path d=\"M191.17,264.55c-8.63,0-17.26.06-25.89,0-6.27,0-9.76-3-9.81-8.11s3.37-8.27,9.63-8.31q26.15-.17,52.28,0c6.12,0,9.89,3.29,10,8.14,0,5-3.89,8.26-10.27,8.3C208.43,264.59,199.8,264.55,191.17,264.55Z\"><\/path><path d=\"M191,299.83c-8.8,0-17.59.06-26.38,0-6-.06-9.2-2.93-9.16-8.05s3.37-8,9.29-8q26.63-.06,53.26,0c5.7,0,9.33,3.3,9.29,8.12s-3.53,7.86-9.42,7.91C208.94,299.88,200,299.83,191,299.83Z\"><\/path><path d=\"M191.48,319.33c8.63,0,17.26-.06,25.88,0,6.31,0,9.91,3,10,7.94s-3.85,8.25-10.26,8.26q-25.89,0-51.77,0c-6.31,0-9.74-2.9-9.8-8s3.15-8.08,9.61-8.15C173.89,319.26,182.69,319.33,191.48,319.33Z\"><\/path><\/g><\/g><\/g><\/svg>\t\t\t<\/div>\n\t\t<\/div>\n\t\t\t\t<\/div>\n\t\t\t\t<\/div>\n\t\t\t\t<\/div>\n\t\t<div class=\"elementor-element elementor-element-703b745f e-con-full e-flex e-con e-child\" data-id=\"703b745f\" data-element_type=\"container\" data-settings=\"{&quot;background_background&quot;:&quot;classic&quot;}\">\n\t\t\t\t<div class=\"elementor-element elementor-element-7e1c72d9 elementor-widget elementor-widget-heading\" data-id=\"7e1c72d9\" data-element_type=\"widget\" data-widget_type=\"heading.default\">\n\t\t\t\t<div class=\"elementor-widget-container\">\n\t\t\t<h2 class=\"elementor-heading-title elementor-size-default\">Vous souhaitez obtenir un devis pour votre projet ?<\/h2>\t\t<\/div>\n\t\t\t\t<\/div>\n\t\t\t\t<div class=\"elementor-element elementor-element-6e615c17 elementor-widget elementor-widget-text-editor\" data-id=\"6e615c17\" data-element_type=\"widget\" data-widget_type=\"text-editor.default\">\n\t\t\t\t<div class=\"elementor-widget-container\">\n\t\t\t\t\t\t\t<p>N'h\u00e9sitez pas \u00e0 nous contacter pour des syst\u00e8mes de pergolas, guillotines, balcons coulissants ou vitr\u00e9s adapt\u00e9s \u00e0 vos projets existants.<\/p>\t\t\t\t\t\t<\/div>\n\t\t\t\t<\/div>\n\t\t\t\t<div class=\"elementor-element elementor-element-31f8ded1 elementor-align-left elementor-mobile-align-center elementor-widget elementor-widget-button\" data-id=\"31f8ded1\" data-element_type=\"widget\" data-widget_type=\"button.default\">\n\t\t\t\t<div class=\"elementor-widget-container\">\n\t\t\t\t\t\t\t<div class=\"elementor-button-wrapper\">\n\t\t\t\t\t<a class=\"elementor-button elementor-button-link elementor-size-sm\" href=\"https:\/\/isteksys.com\/fr\/contact\/\">\n\t\t\t\t\t\t<span class=\"elementor-button-content-wrapper\">\n\t\t\t\t\t\t\t\t\t<span class=\"elementor-button-text\">Recevoir Une Offre<\/span>\n\t\t\t\t\t<\/span>\n\t\t\t\t\t<\/a>\n\t\t\t\t<\/div>\n\t\t\t\t\t\t<\/div>\n\t\t\t\t<\/div>\n\t\t\t\t<div class=\"elementor-element elementor-element-403f176 elementor-align-left elementor-mobile-align-center elementor-widget__width-initial elementor-widget elementor-widget-button\" data-id=\"403f176\" data-element_type=\"widget\" data-widget_type=\"button.default\">\n\t\t\t\t<div class=\"elementor-widget-container\">\n\t\t\t\t\t\t\t<div class=\"elementor-button-wrapper\">\n\t\t\t\t\t<a class=\"elementor-button elementor-button-link elementor-size-sm\" href=\"tel: 212522244488\">\n\t\t\t\t\t\t<span class=\"elementor-button-content-wrapper\">\n\t\t\t\t\t\t\t\t\t<span class=\"elementor-button-text\">Consultation gratuite !<\/span>\n\t\t\t\t\t<\/span>\n\t\t\t\t\t<\/a>\n\t\t\t\t<\/div>\n\t\t\t\t\t\t<\/div>\n\t\t\t\t<\/div>\n\t\t\t\t<\/div>\n\t\t\t\t\t<\/div>\n\t\t\t\t<\/div>\n\t\t\t\t<\/div>","protected":false},"excerpt":{"rendered":"<p>Guillotine Glass Systems Istek Aluminum sash window systems, which are preferred in various commercial spaces such as cafes, restaurants, and offices, stand out with their modern and practical solutions. Our Services Guillotine Glass Systems Istek Aluminum&#8217;s sash window systems provide users with a quiet and peaceful environment by offering high-quality materials and superior craftsmanship that [&hellip;]<\/p>","protected":false},"author":1,"featured_media":0,"parent":0,"menu_order":0,"comment_status":"closed","ping_status":"closed","template":"elementor_header_footer","meta":{"_eb_attr":"","footnotes":""},"class_list":["post-133","page","type-page","status-publish","hentry"],"rttpg_featured_image_url":null,"rttpg_author":{"display_name":"admin","author_link":"https:\/\/isteksys.com\/fr\/author\/admin\/"},"rttpg_comment":0,"rttpg_category":null,"rttpg_excerpt":"Guillotine Glass Systems Istek Aluminum sash window systems, which are preferred in various commercial spaces such as cafes, restaurants, and offices, stand out with their modern and practical solutions. Our Services Guillotine Glass Systems Istek Aluminum&#8217;s sash window systems provide users with a quiet and peaceful environment by offering high-quality materials and superior craftsmanship that\u2026","_links":{"self":[{"href":"https:\/\/isteksys.com\/fr\/wp-json\/wp\/v2\/pages\/133","targetHints":{"allow":["GET"]}}],"collection":[{"href":"https:\/\/isteksys.com\/fr\/wp-json\/wp\/v2\/pages"}],"about":[{"href":"https:\/\/isteksys.com\/fr\/wp-json\/wp\/v2\/types\/page"}],"author":[{"embeddable":true,"href":"https:\/\/isteksys.com\/fr\/wp-json\/wp\/v2\/users\/1"}],"replies":[{"embeddable":true,"href":"https:\/\/isteksys.com\/fr\/wp-json\/wp\/v2\/comments?post=133"}],"version-history":[{"count":6,"href":"https:\/\/isteksys.com\/fr\/wp-json\/wp\/v2\/pages\/133\/revisions"}],"predecessor-version":[{"id":584,"href":"https:\/\/isteksys.com\/fr\/wp-json\/wp\/v2\/pages\/133\/revisions\/584"}],"wp:attachment":[{"href":"https:\/\/isteksys.com\/fr\/wp-json\/wp\/v2\/media?parent=133"}],"curies":[{"name":"wp","href":"https:\/\/api.w.org\/{rel}","templated":true}]}}